{"id":9106,"date":"2024-04-30T09:08:47","date_gmt":"2024-04-30T09:08:47","guid":{"rendered":"https:\/\/vnodeautomation.com\/index.php\/aviso-legal\/"},"modified":"2024-05-02T09:40:55","modified_gmt":"2024-05-02T09:40:55","slug":"aviso-legal","status":"publish","type":"page","link":"https:\/\/vnodeautomation.com\/es\/aviso-legal\/","title":{"rendered":"Aviso legal"},"content":{"rendered":"\t\t<div data-elementor-type=\"wp-page\" data-elementor-id=\"9106\" class=\"elementor elementor-9106 elementor-9045\" data-elementor-post-type=\"page\">\n\t\t\t\t<div class=\"elementor-element elementor-element-cbc723b e-flex e-con-boxed e-con e-parent\" data-id=\"cbc723b\" data-element_type=\"container\" data-e-type=\"container\" data-settings=\"{&quot;background_background&quot;:&quot;classic&quot;}\">\n\t\t\t\t\t<div class=\"e-con-inner\">\n\t\t\t\t<div class=\"elementor-element elementor-element-e357036 elementor-widget elementor-widget-heading\" data-id=\"e357036\" data-element_type=\"widget\" data-e-type=\"widget\" data-widget_type=\"heading.default\">\n\t\t\t\t<div class=\"elementor-widget-container\">\n\t\t\t\t\t<h1 class=\"elementor-heading-title elementor-size-default\">Aviso legal<\/h1>\t\t\t\t<\/div>\n\t\t\t\t<\/div>\n\t\t\t\t\t<\/div>\n\t\t\t\t<\/div>\n\t\t<div class=\"elementor-element elementor-element-5145b28 e-flex e-con-boxed e-con e-parent\" data-id=\"5145b28\" data-element_type=\"container\" data-e-type=\"container\">\n\t\t\t\t\t<div class=\"e-con-inner\">\n\t\t<div class=\"elementor-element elementor-element-c7c3fa5 e-con-full e-flex e-con e-child\" data-id=\"c7c3fa5\" data-element_type=\"container\" data-e-type=\"container\">\n\t\t\t\t<div class=\"elementor-element elementor-element-532cf85 elementor-widget elementor-widget-text-editor\" data-id=\"532cf85\" data-element_type=\"widget\" data-e-type=\"widget\" data-widget_type=\"text-editor.default\">\n\t\t\t\t<div class=\"elementor-widget-container\">\n\t\t\t\t\t\t\t\t\t<div id=\"fws_66265116dd0e7\" class=\"wpb_row vc_row-fluid vc_row full-width-section standard_section \" data-column-margin=\"default\" data-midnight=\"dark\" data-top-percent=\"4%\" data-bottom-percent=\"4%\">\n<div class=\"row_col_wrap_12 col span_12 dark left\">\n<div class=\"vc_col-sm-12 wpb_column column_container vc_column_container col no-extra-padding inherit_tablet inherit_phone instance-3\" data-t-w-inherits=\"default\" data-bg-cover=\"\" data-padding-pos=\"all\" data-has-bg-color=\"false\" data-bg-color=\"\" data-bg-opacity=\"1\" data-hover-bg=\"\" data-hover-bg-opacity=\"1\" data-animation=\"\" data-delay=\"0\">\n<div class=\"vc_column-inner\">\n<div class=\"wpb_wrapper\">\n<div class=\"wpb_text_column wpb_content_element \">\n<div class=\"wpb_wrapper\">\n<h3>DERECHO DE LOS SERVICIOS DE LA SOCIEDAD DE LA INFORMACI\u00d3N (LSSI)<\/h3>\n<p>Vester Business SL, responsable del sitio web, en adelante RESPONSABLE, pone a disposici\u00f3n de los usuarios este documento, con el que pretende dar cumplimiento a las obligaciones previstas en la Ley 34\/2002, de 11 de julio, de Servicios de la Empresa de Informaci\u00f3n y Comercio Electr\u00f3nico (LSSICE), BOE No. 166, as\u00ed como informar a todos los usuarios del sitio web sobre las condiciones de uso.<\/p>\n<p>Toda persona que acceda a este sitio web asume el rol de usuario, comprometi\u00e9ndose a la observancia y estricto cumplimiento de las disposiciones aqu\u00ed dispuestas, as\u00ed como a cualquier otra disposici\u00f3n legal que pudiera ser de aplicaci\u00f3n.<\/p>\n<p>Vester Business SL se reserva el derecho a modificar cualquier tipo de informaci\u00f3n que pudiera aparecer en el sitio web, sin que exista obligaci\u00f3n de preavisar o poner en conocimiento de los usuarios dichas obligaciones, entendi\u00e9ndose como suficiente con la publicaci\u00f3n en el sitio web de Vester Business SL<\/p>\n<h4>1. DATOS DE IDENTIFICACI\u00d3N<\/h4>\n<p>Nombre de dominio: https:\/\/vnodeautomation.com \/ Nombre comercial: Vester Business S.L Raz\u00f3n social: Vester Business S.L CIF: B64865173<\/p>\n<p>Domicilio social: Av. Cerdanyola n\u00ba 92, Edificio Astrolabio, Planta 2, Despacho 27 08173 Sant Cugat del Vall\u00e8s (Barcelona)<br \/>correo electr\u00f3nico: info@vestersl.com<\/p>\n<h4>2. DERECHOS DE PROPIEDAD INTELECTUAL E INDUSTRIAL<\/h4>\n<p>El sitio web, incluyendo a t\u00edtulo enunciativo pero no limitativo su programaci\u00f3n, edici\u00f3n, compilaci\u00f3n y dem\u00e1s elementos necesarios para su funcionamiento, los dise\u00f1os, logotipos, texto y \/ o gr\u00e1ficos, son propiedad del RESPONSABLE o en su caso dispone de licencia o autorizaci\u00f3n expresa. por los autores. Todos los contenidos del sitio web se encuentran debidamente protegidos por la normativa de propiedad intelectual e industrial, as\u00ed como inscritos en los registros p\u00fablicos correspondientes. Independientemente de la finalidad para la que fueron destinados, la reproducci\u00f3n, uso, explotaci\u00f3n, distribuci\u00f3n y comercializaci\u00f3n total o parcial, requiere en todo caso de la autorizaci\u00f3n previa y por escrito del RESPONSABLE. Cualquier uso no autorizado previamente se considera un incumplimiento grave de los derechos de propiedad intelectual o industrial del autor.<\/p>\n<p>Los dise\u00f1os, logotipos, texto y \/ o gr\u00e1ficos ajenos al RESPONSABLE y que pudieran aparecer en el sitio web, pertenecen a sus respectivos propietarios, siendo ellos mismos responsables de cualquier posible controversia que pudiera suscitarse respecto a los mismos. El RESPONSABLE autoriza expresamente a que terceros puedan redirigir directamente a los contenidos concretos del sitio web, y en todo caso redirigir al sitio web principal de https:\/\/vnodeautomation.com<\/p>\n<p>El RESPONSABLE reconoce a favor de sus titulares los correspondientes derechos de propiedad intelectual e industrial, su sola menci\u00f3n o aparici\u00f3n en el sitio web no implica la existencia de ning\u00fan derecho o responsabilidad sobre los mismos, ni implica respaldo, patrocinio o recomendaci\u00f3n por parte de los mismos. .<\/p>\n<p>Para realizar cualquier tipo de observaci\u00f3n respecto a posibles incumplimientos de los derechos de propiedad intelectual o industrial, as\u00ed como sobre cualquiera de los contenidos del sitio web, puede hacerlo a trav\u00e9s del correo electr\u00f3nico info@vestersl.com<\/p>\n<h4>3. RENUNCIA DE RESPONSABILIDADES<\/h4>\n<p>El RESPONSABLE se exime de cualquier tipo de responsabilidad derivada de la informaci\u00f3n publicada en su sitio web siempre que esta informaci\u00f3n haya sido manipulada o introducida por un tercero ajeno al mismo.<\/p>\n<h5>Uso De Cookies<\/h5>\n<p>Este sitio web puede utilizar cookies t\u00e9cnicas (peque\u00f1os archivos de informaci\u00f3n que el servidor env\u00eda al ordenador de quien accede a la p\u00e1gina) para llevar a cabo determinadas funciones que son consideradas imprescindibles para el correcto funcionamiento y visualizaci\u00f3n del sitio. Las cookies utilizadas tienen, en todo caso, car\u00e1cter temporal, con la \u00fanica finalidad de hacer m\u00e1s eficaz la navegaci\u00f3n, y desaparecen cuando finaliza la sesi\u00f3n del usuario. En ning\u00fan caso, estas cookies proporcionan por s\u00ed mismas datos personales y no se utilizar\u00e1n para recopilarlos.<\/p>\n<p>Mediante el uso de cookies, tambi\u00e9n es posible que el servidor donde se encuentra la web reconozca el navegador utilizado por el usuario con la finalidad de que la navegaci\u00f3n sea m\u00e1s sencilla, permitiendo, por ejemplo, el acceso de los usuarios que se hayan registrado previamente a las \u00e1reas, servicios, promociones o concursos reservados exclusivamente a ellos sin necesidad de registrarse para cada visita. Tambi\u00e9n se pueden utilizar para medir la audiencia, par\u00e1metros de tr\u00e1fico, controlar el progreso y n\u00famero de entradas, etc., siendo en estos casos cookies prescindibles t\u00e9cnicamente pero beneficiosas para el usuario. Este sitio web no instalar\u00e1 cookies prescindibles sin el consentimiento previo del usuario. El usuario tiene la posibilidad de configurar su navegador para ser alertado de la recepci\u00f3n de cookies e impedir su instalaci\u00f3n en su equipo.<\/p>\n<p>Por favor, consulte las instrucciones de su navegador para ampliar esta informaci\u00f3n. Por favor, consulte las instrucciones de su navegador para ampliar esta informaci\u00f3n.<\/p>\n<h5>Pol\u00edtica De Enlaces<\/h5>\n<p>Desde el sitio web, es posible que se le redirija a contenido de sitios web de terceros. Dado que el RESPONSABLE no puede controlar siempre los contenidos publicados por los terceros en sus respectivos sitios web, no asume ning\u00fan tipo de responsabilidad respecto a dichos contenidos. En todo caso, se proceder\u00e1 a la retirada inmediata de cualquier contenido que pudiera contravenir la legislaci\u00f3n nacional o internacional, la moral o el orden p\u00fablico, procediendo a la retirada inmediata de la redirecci\u00f3n a dicho sitio web, informando a las autoridades competentes del contenido. en cuesti\u00f3n.<\/p>\n<p>El RESPONSABLE no se hace responsable de la informaci\u00f3n y contenidos almacenados, a t\u00edtulo enunciativo pero no limitativo, en foros, chats, generadores de blogs, comentarios, redes sociales o cualquier otro medio que permita a terceros publicar contenidos de forma independiente en el sitio web. del RESPONSABLE. No obstante, y en cumplimiento de lo dispuesto en los art\u00edculos 11 y 16 de la LSSICE, se pone a disposici\u00f3n de todos los usuarios, autoridades y fuerzas de seguridad, colaborando activamente en la retirada o, en su caso, bloqueo de todos aquellos contenidos que puedan afectar o contravenir. la legislaci\u00f3n nacional o internacional, los derechos de terceros o la moral y el orden p\u00fablico. En el caso de que el usuario considere que existe alg\u00fan contenido en el sitio web que pudiera estar sujeto a esta clasificaci\u00f3n, por favor notifique al administrador del sitio web de inmediato.<\/p>\n<p>Este sitio web ha sido revisado y probado para garantizar que funcione correctamente. En principio, se puede garantizar el correcto funcionamiento los 365 d\u00edas del a\u00f1o, las 24 horas del d\u00eda. No obstante, el RESPONSABLE no descarta la posibilidad de que se produzcan determinados errores de programaci\u00f3n, o que puedan producirse causas de fuerza mayor, cat\u00e1strofes naturales, huelgas o circunstancias similares que hagan imposible el acceso al sitio web.<\/p>\n<h5>Direcciones IP<\/h5>\n<p>Los servidores del sitio web podr\u00e1n detectar autom\u00e1ticamente la direcci\u00f3n IP y el nombre de dominio utilizados por el usuario. Una direcci\u00f3n IP es un n\u00famero que se asigna autom\u00e1ticamente a una computadora cuando se conecta a Internet. Toda esta informaci\u00f3n queda registrada en un fichero de actividad del servidor debidamente registrado que permite el posterior tratamiento de los datos con el fin de obtener medidas \u00fanicamente estad\u00edsticas que permitan conocer el n\u00famero de impresiones de p\u00e1gina, el n\u00famero de visitas realizadas a los servidores web, el orden de visitas. , el punto de acceso, etc.<\/p>\n<h4>4. LEY APLICABLE Y JURISDICCI\u00d3N<\/h4>\n<p>Para la resoluci\u00f3n de todas las controversias o cuestiones relacionadas con el presente sitio web o de las actividades en \u00e9l desarrolladas, ser\u00e1 de aplicaci\u00f3n la legislaci\u00f3n espa\u00f1ola, a la que se someten expresamente las partes, siendo competentes para la resoluci\u00f3n de todos los conflictos derivados o relacionados con su uso los Juzgados y Tribunales m\u00e1s cercanos a Sant Cugat del Vall\u00e8s.<\/p>\n<\/div>\n<\/div>\n<\/div>\n<\/div>\n<\/div>\n<\/div>\n<\/div>\n\t\t\t\t\t\t\t\t<\/div>\n\t\t\t\t<\/div>\n\t\t\t\t<\/div>\n\t\t\t\t\t<\/div>\n\t\t\t\t<\/div>\n\t\t<div class=\"elementor-element elementor-element-d9113c4 e-flex e-con-boxed e-con e-parent\" data-id=\"d9113c4\" data-element_type=\"container\" data-e-type=\"container\" data-settings=\"{&quot;background_background&quot;:&quot;classic&quot;}\">\n\t\t\t\t\t<div class=\"e-con-inner\">\n\t\t<div class=\"elementor-element elementor-element-8b84dc7 e-con-full e-flex e-con e-child\" data-id=\"8b84dc7\" data-element_type=\"container\" data-e-type=\"container\">\n\t\t\t\t<div class=\"elementor-element elementor-element-e89f7d3 elementor-widget elementor-widget-text-editor\" data-id=\"e89f7d3\" data-element_type=\"widget\" data-e-type=\"widget\" data-widget_type=\"text-editor.default\">\n\t\t\t\t<div class=\"elementor-widget-container\">\n\t\t\t\t\t\t\t\t\t<div id=\"fws_66265116dd0e7\" class=\"wpb_row vc_row-fluid vc_row full-width-section standard_section \" data-column-margin=\"default\" data-midnight=\"dark\" data-top-percent=\"4%\" data-bottom-percent=\"4%\">\n<div class=\"row_col_wrap_12 col span_12 dark left\">\n<div class=\"vc_col-sm-12 wpb_column column_container vc_column_container col no-extra-padding inherit_tablet inherit_phone instance-3\" data-t-w-inherits=\"default\" data-bg-cover=\"\" data-padding-pos=\"all\" data-has-bg-color=\"false\" data-bg-color=\"\" data-bg-opacity=\"1\" data-hover-bg=\"\" data-hover-bg-opacity=\"1\" data-animation=\"\" data-delay=\"0\">\n<div class=\"vc_column-inner\">\n<div class=\"wpb_wrapper\">\n<div class=\"wpb_text_column wpb_content_element \">\n<div class=\"wpb_wrapper\">\n<div id=\"fws_66265116de1be\" class=\"wpb_row vc_row-fluid vc_row full-width-section standard_section \" data-column-margin=\"default\" data-midnight=\"dark\" data-top-percent=\"4%\" data-bottom-percent=\"4%\">\n<div class=\"row_col_wrap_12 col span_12 dark left\">\n<div class=\"vc_col-sm-12 wpb_column column_container vc_column_container col no-extra-padding inherit_tablet inherit_phone instance-4\" data-t-w-inherits=\"default\" data-bg-cover=\"\" data-padding-pos=\"all\" data-has-bg-color=\"false\" data-bg-color=\"\" data-bg-opacity=\"1\" data-hover-bg=\"\" data-hover-bg-opacity=\"1\" data-animation=\"\" data-delay=\"0\">\n<div class=\"vc_column-inner\">\n<div class=\"wpb_wrapper\">\n<div class=\"wpb_text_column wpb_content_element \">\n<div class=\"wpb_wrapper\">\n<h3>2. Mandatory Or Optional Nature Of The Information Provided By The User<\/h3>\n<p>The Users, by checking the corresponding boxes and entering data in the fields, marked with an asterisk (*) in the contact form or presented in download forms, expressly and freely and unequivocally accept that their data is necessary to meet your request, by the provider, the inclusion of data in the remaining fields being voluntary. The User guarantees that the personal data provided to the CONTROLLER are true and is responsible for communicating any changes to them.<\/p>\n<p>The CONTROLLER expressly informs and guarantees users that their personal data will not be transferred in any case to third parties, and that whenever any type of transfer of personal data is made, the express, informed and unequivocal consent of the Users will be requested in advance. All the data requested through the website are mandatory, since they are necessary for the provision of an optimal service to the User. In the event that not all the data is provided, it is not guaranteed that the information and services provided will be completely adjusted to your needs.<\/p>\n<\/div>\n<\/div>\n<\/div>\n<\/div>\n<\/div>\n<\/div>\n<\/div>\n<\/div>\n<\/div>\n<\/div>\n<\/div>\n<\/div>\n<\/div>\n<\/div>\n\t\t\t\t\t\t\t\t<\/div>\n\t\t\t\t<\/div>\n\t\t\t\t<\/div>\n\t\t\t\t\t<\/div>\n\t\t\t\t<\/div>\n\t\t<div class=\"elementor-element elementor-element-d0a76fb e-flex e-con-boxed e-con e-parent\" data-id=\"d0a76fb\" data-element_type=\"container\" data-e-type=\"container\">\n\t\t\t\t\t<div class=\"e-con-inner\">\n\t\t<div class=\"elementor-element elementor-element-1da5825 e-con-full e-flex e-con e-child\" data-id=\"1da5825\" data-element_type=\"container\" data-e-type=\"container\">\n\t\t\t\t<div class=\"elementor-element elementor-element-6e9a434 elementor-widget elementor-widget-text-editor\" data-id=\"6e9a434\" data-element_type=\"widget\" data-e-type=\"widget\" data-widget_type=\"text-editor.default\">\n\t\t\t\t<div class=\"elementor-widget-container\">\n\t\t\t\t\t\t\t\t\t<div id=\"fws_66265116dd0e7\" class=\"wpb_row vc_row-fluid vc_row full-width-section standard_section \" data-column-margin=\"default\" data-midnight=\"dark\" data-top-percent=\"4%\" data-bottom-percent=\"4%\">\n<div class=\"row_col_wrap_12 col span_12 dark left\">\n<div class=\"vc_col-sm-12 wpb_column column_container vc_column_container col no-extra-padding inherit_tablet inherit_phone instance-3\" data-t-w-inherits=\"default\" data-bg-cover=\"\" data-padding-pos=\"all\" data-has-bg-color=\"false\" data-bg-color=\"\" data-bg-opacity=\"1\" data-hover-bg=\"\" data-hover-bg-opacity=\"1\" data-animation=\"\" data-delay=\"0\">\n<div class=\"vc_column-inner\">\n<div class=\"wpb_wrapper\">\n<div class=\"wpb_text_column wpb_content_element \">\n<div class=\"wpb_wrapper\">\n<div id=\"fws_66265116dee89\" class=\"wpb_row vc_row-fluid vc_row full-width-section standard_section \" data-column-margin=\"default\" data-midnight=\"dark\" data-top-percent=\"4%\" data-bottom-percent=\"8%\">\n<div class=\"row-bg-wrap\" data-bg-animation=\"none\" data-bg-overlay=\"false\">\n<div class=\"inner-wrap\">\n<h3 class=\"row-bg using-bg-color\">3. Security Measures<\/h3>\n<\/div>\n<\/div>\n<div class=\"row_col_wrap_12 col span_12 dark left\">\n<div class=\"vc_col-sm-12 wpb_column column_container vc_column_container col no-extra-padding inherit_tablet inherit_phone instance-5\" data-t-w-inherits=\"default\" data-bg-cover=\"\" data-padding-pos=\"all\" data-has-bg-color=\"false\" data-bg-color=\"\" data-bg-opacity=\"1\" data-hover-bg=\"\" data-hover-bg-opacity=\"1\" data-animation=\"\" data-delay=\"0\">\n<div class=\"vc_column-inner\">\n<div class=\"wpb_wrapper\">\n<div class=\"wpb_text_column wpb_content_element \">\n<div class=\"wpb_wrapper\">\n<p>That in accordance with the provisions of current regulations on personal data protection, the CONTROLLER is complying with all the provisions of the GDPR regulations for the processing of personal data under its responsibility, and manifestly with the principles described in article 5 of the GDPR, for which they are treated in a lawful, loyal and transparent manner in relation to the interested party and adequate, pertinent and limited to what is necessary in relation to the purposes for which they are treated.<\/p>\n<p>The CONTROLLER guarantees that he has implemented appropriate technical and organizational policies to apply the security measures established by the GDPR in order to protect the rights and freedoms of Users and has communicated the appropriate information so that they can exercise them.<\/p>\n<\/div>\n<\/div>\n<\/div>\n<\/div>\n<\/div>\n<\/div>\n<\/div>\n<\/div>\n<\/div>\n<\/div>\n<\/div>\n<\/div>\n<\/div>\n<\/div>\n\t\t\t\t\t\t\t\t<\/div>\n\t\t\t\t<\/div>\n\t\t\t\t<\/div>\n\t\t\t\t\t<\/div>\n\t\t\t\t<\/div>\n\t\t\t\t<\/div>\n\t\t","protected":false},"excerpt":{"rendered":"<p>Aviso legal DERECHO DE LOS SERVICIOS DE LA SOCIEDAD DE LA INFORMACI\u00d3N (LSSI) Vester Business SL, responsable del sitio web, en adelante RESPONSABLE, pone a disposici\u00f3n de los usuarios este documento, con el que pretende dar cumplimiento a las obligaciones previstas en la Ley 34\/2002, de 11 de julio, de Servicios de la Empresa de [&hellip;]<\/p>\n","protected":false},"author":2,"featured_media":0,"parent":0,"menu_order":0,"comment_status":"closed","ping_status":"closed","template":"","meta":{"_acf_changed":false,"_joinchat":[],"footnotes":""},"class_list":["post-9106","page","type-page","status-publish","hentry"],"acf":[],"_links":{"self":[{"href":"https:\/\/vnodeautomation.com\/es\/wp-json\/wp\/v2\/pages\/9106","targetHints":{"allow":["GET"]}}],"collection":[{"href":"https:\/\/vnodeautomation.com\/es\/wp-json\/wp\/v2\/pages"}],"about":[{"href":"https:\/\/vnodeautomation.com\/es\/wp-json\/wp\/v2\/types\/page"}],"author":[{"embeddable":true,"href":"https:\/\/vnodeautomation.com\/es\/wp-json\/wp\/v2\/users\/2"}],"replies":[{"embeddable":true,"href":"https:\/\/vnodeautomation.com\/es\/wp-json\/wp\/v2\/comments?post=9106"}],"version-history":[{"count":1,"href":"https:\/\/vnodeautomation.com\/es\/wp-json\/wp\/v2\/pages\/9106\/revisions"}],"predecessor-version":[{"id":9107,"href":"https:\/\/vnodeautomation.com\/es\/wp-json\/wp\/v2\/pages\/9106\/revisions\/9107"}],"wp:attachment":[{"href":"https:\/\/vnodeautomation.com\/es\/wp-json\/wp\/v2\/media?parent=9106"}],"curies":[{"name":"wp","href":"https:\/\/api.w.org\/{rel}","templated":true}]}}