{"id":9100,"date":"2024-04-16T09:22:53","date_gmt":"2024-04-16T09:22:53","guid":{"rendered":"https:\/\/vnodeautomation.com\/index.php\/sobre-vnode\/"},"modified":"2024-05-23T13:45:59","modified_gmt":"2024-05-23T13:45:59","slug":"sobre-vnode","status":"publish","type":"page","link":"https:\/\/vnodeautomation.com\/es\/sobre-vnode\/","title":{"rendered":"Sobre vNode"},"content":{"rendered":"\t\t<div data-elementor-type=\"wp-page\" data-elementor-id=\"9100\" class=\"elementor elementor-9100 elementor-1221\" data-elementor-post-type=\"page\">\n\t\t\t\t<div class=\"elementor-element elementor-element-cbc723b e-flex e-con-boxed e-con e-parent\" data-id=\"cbc723b\" data-element_type=\"container\" data-e-type=\"container\" data-settings=\"{&quot;background_background&quot;:&quot;classic&quot;}\">\n\t\t\t\t\t<div class=\"e-con-inner\">\n\t\t\t\t<div class=\"elementor-element elementor-element-e357036 elementor-widget elementor-widget-heading\" data-id=\"e357036\" data-element_type=\"widget\" data-e-type=\"widget\" data-widget_type=\"heading.default\">\n\t\t\t\t<div class=\"elementor-widget-container\">\n\t\t\t\t\t<h1 class=\"elementor-heading-title elementor-size-default\">Sobre vNode<\/h1>\t\t\t\t<\/div>\n\t\t\t\t<\/div>\n\t\t\t\t<div class=\"elementor-element elementor-element-8551476 elementor-widget elementor-widget-heading\" data-id=\"8551476\" data-element_type=\"widget\" data-e-type=\"widget\" data-widget_type=\"heading.default\">\n\t\t\t\t<div class=\"elementor-widget-container\">\n\t\t\t\t\t<span class=\"elementor-heading-title elementor-size-default\">vNode IoT Gateway proporciona una conectividad industrial total combinada con los principales protocolos de IoT para crear una soluci\u00f3n Plug&amp;Play. Esta soluci\u00f3n podr\u00eda instalarse en cualquier sistema operativo, incluidos dispositivos integrados.<\/span>\t\t\t\t<\/div>\n\t\t\t\t<\/div>\n\t\t\t\t\t<\/div>\n\t\t\t\t<\/div>\n\t\t<div class=\"elementor-element elementor-element-5145b28 e-flex e-con-boxed e-con e-parent\" data-id=\"5145b28\" data-element_type=\"container\" data-e-type=\"container\">\n\t\t\t\t\t<div class=\"e-con-inner\">\n\t\t<div class=\"elementor-element elementor-element-c7c3fa5 e-con-full e-flex e-con e-child\" data-id=\"c7c3fa5\" data-element_type=\"container\" data-e-type=\"container\">\n\t\t\t\t<div class=\"elementor-element elementor-element-9f4513e elementor-widget elementor-widget-heading\" data-id=\"9f4513e\" data-element_type=\"widget\" data-e-type=\"widget\" data-widget_type=\"heading.default\">\n\t\t\t\t<div class=\"elementor-widget-container\">\n\t\t\t\t\t<h2 class=\"elementor-heading-title elementor-size-default\">\n\u00bfQui\u00e9nes somos y qu\u00e9 hacemos?<\/h2>\t\t\t\t<\/div>\n\t\t\t\t<\/div>\n\t\t\t\t<div class=\"elementor-element elementor-element-532cf85 elementor-widget elementor-widget-text-editor\" data-id=\"532cf85\" data-element_type=\"widget\" data-e-type=\"widget\" data-widget_type=\"text-editor.default\">\n\t\t\t\t<div class=\"elementor-widget-container\">\n\t\t\t\t\t\t\t\t\t<p>Somos un equipo con m\u00e1s de 15 a\u00f1os de experiencia. Dise\u00f1amos soluciones que combinan lo mejor de nuestro conocimiento con los complejos requerimientos de la industria. El cliente es nuestro n\u00facleo y todo lo que hacemos se centra en facilitar el proceso, desde la descarga, hasta el soporte t\u00e9cnico y la asistencia. Nuestro equipo es experto en resolver las necesidades de software de la industria. En vNode trabajamos para que los objetivos de nuestros clientes se cumplan.<\/p>\t\t\t\t\t\t\t\t<\/div>\n\t\t\t\t<\/div>\n\t\t\t\t<\/div>\n\t\t\t\t\t<\/div>\n\t\t\t\t<\/div>\n\t\t<div class=\"elementor-element elementor-element-3126fcd e-flex e-con-boxed e-con e-parent\" data-id=\"3126fcd\" data-element_type=\"container\" data-e-type=\"container\">\n\t\t\t\t\t<div class=\"e-con-inner\">\n\t\t<div class=\"elementor-element elementor-element-74e1cd6 e-con-full box e-flex e-con e-child\" data-id=\"74e1cd6\" data-element_type=\"container\" data-e-type=\"container\">\n\t\t\t\t<div class=\"elementor-element elementor-element-c05396d icon elementor-view-default elementor-widget elementor-widget-icon\" data-id=\"c05396d\" data-element_type=\"widget\" data-e-type=\"widget\" data-widget_type=\"icon.default\">\n\t\t\t\t<div class=\"elementor-widget-container\">\n\t\t\t\t\t\t\t<div class=\"elementor-icon-wrapper\">\n\t\t\t<div class=\"elementor-icon\">\n\t\t\t<svg xmlns=\"http:\/\/www.w3.org\/2000\/svg\" id=\"Capa_2\" data-name=\"Capa 2\" viewBox=\"0 0 467.026 587.873\"><defs><style>      .cls-1 {        fill: #000;        stroke-width: 0px;      }    <\/style><\/defs><g id=\"Capa_1-2\" data-name=\"Capa 1\"><g><path class=\"cls-1\" d=\"M233.254.014c20-.003,40-.033,60,.01,9.712.021,13.99,4.319,14.006,14.076.039,23.333.033,46.666.004,69.999-.012,10.122-4.814,15.108-14.881,15.239-10.099.131-9.176-.647-9.213,9.722-.016,4.5.117,9.004-.037,13.499-.109,3.169,1.007,4.827,4.26,5.58,31.785,7.352,60.692,21.05,86.621,40.715,16.071,12.189,30.293,26.347,42.881,42.279,19.297,24.422,33.162,51.584,41.308,81.398,6.905,25.271,10.566,51.135,8.006,77.564-1.915,19.767-4.916,39.243-11.307,58.15-9.825,29.07-24.488,55.275-44.535,78.566-21.053,24.46-45.95,43.796-74.943,57.914-24.645,12.001-50.472,19.715-77.88,22.018-27.079,2.276-53.953,1.397-80.387-5.271-30.89-7.792-59.098-21.269-84.532-40.593-20.481-15.56-37.983-33.905-52.382-55.146-11.919-17.583-21.343-36.458-28.01-56.696C4.145,404.485-.321,379.304.018,353.487c.429-32.645,7.108-64.026,20.597-93.927,14.849-32.916,36.142-60.923,63.783-83.976,27.932-23.296,59.72-39.221,95.224-47.484,2.955-.688,4.182-2.151,4.12-5.18-.127-6.164-.161-12.336.014-18.498.102-3.595-1.169-5.305-4.899-5.067-2.155.138-4.343.104-6.493-.099-8.065-.764-12.711-5.716-12.73-13.785-.058-24.166-.069-48.333.01-72.499.027-8.404,4.611-12.902,13.11-12.933,20.166-.074,40.333-.024,60.499-.027ZM233.24,561.437c113.547,1.284,205.258-90.787,207.1-201.862,1.982-119.507-91.922-211.7-206.948-211.493-115.929.209-204.22,91.048-206.856,202.089-2.832,119.273,94.314,212.754,206.704,211.265ZM233.506,73.109c13.809,0,27.62-.145,41.425.083,4.477.074,6.238-1.234,6.141-5.912-.248-11.974-.212-23.958-.015-35.933.071-4.294-1.386-5.852-5.76-5.83-27.95.139-55.901.145-83.85-.002-4.522-.024-5.681,1.822-5.619,5.967.177,11.976.199,23.959-.009,35.934-.075,4.325,1.381,5.841,5.762,5.773,13.972-.215,27.949-.08,41.924-.079ZM233.2,99.392c-6.158,0-12.318.085-18.474-.033-3.431-.066-4.802,1.409-4.701,4.789.134,4.49.13,8.99.003,13.48-.096,3.395,1.295,4.908,4.736,4.705,6.303-.372,12.614-.858,18.921-.861,6.141-.003,12.285.49,18.422.86,3.425.206,4.852-1.268,4.747-4.685-.133-4.323-.18-8.661.018-12.979.175-3.826-1.267-5.454-5.199-5.331-6.152.192-12.315.051-18.474.056Z\"><\/path><path class=\"cls-1\" d=\"M233.506,527.411c-96.04-1.283-171.851-76.524-172.27-172.082-.419-95.572,77.614-172.28,172.145-172.321,94.632-.041,172.913,76.889,172.246,172.699-.662,95.16-75.921,170.281-172.12,171.703ZM233.699,209.422c-79.909-.517-146.009,63.543-146.099,144.968-.09,81.621,62.707,144.395,141.835,146.314,85.346,2.07,149.512-64.374,149.872-145.297.362-81.402-65.253-146.175-145.608-145.984Z\"><\/path><path class=\"cls-1\" d=\"M308.302,256.402c4.071.418,8.323,3.148,10.633,8.19,2.419,5.28.957,10.181-3.002,14.203-9.581,9.732-19.266,19.362-28.924,29.018-14.486,14.485-28.941,29.002-43.495,43.419-8.343,8.265-19.069,5.733-22.754-5.299-1.852-5.543.969-9.833,4.537-13.434,18.871-19.044,37.887-37.943,56.849-56.895,4.711-4.709,9.345-9.497,14.139-14.12,2.903-2.799,6.108-5.219,12.015-5.081Z\"><\/path><\/g><\/g><\/svg>\t\t\t<\/div>\n\t\t<\/div>\n\t\t\t\t\t\t<\/div>\n\t\t\t\t<\/div>\n\t\t\t\t<div class=\"elementor-element elementor-element-a309cb8 elementor-widget elementor-widget-heading\" data-id=\"a309cb8\" data-element_type=\"widget\" data-e-type=\"widget\" data-widget_type=\"heading.default\">\n\t\t\t\t<div class=\"elementor-widget-container\">\n\t\t\t\t\t<h4 class=\"elementor-heading-title elementor-size-default\">\u00bfPor qu\u00e9 r\u00e1pido?<\/h4>\t\t\t\t<\/div>\n\t\t\t\t<\/div>\n\t\t\t\t<div class=\"elementor-element elementor-element-82e4634 elementor-widget elementor-widget-text-editor\" data-id=\"82e4634\" data-element_type=\"widget\" data-e-type=\"widget\" data-widget_type=\"text-editor.default\">\n\t\t\t\t<div class=\"elementor-widget-container\">\n\t\t\t\t\t\t\t\t\t<p>Con vNode solo necesitar\u00e1s 3 minutos. Dos para descargar el software, y uno para instalarlo. \u00bfQui\u00e9n dice que un software debe ser complicado?<\/p>\t\t\t\t\t\t\t\t<\/div>\n\t\t\t\t<\/div>\n\t\t\t\t<\/div>\n\t\t<div class=\"elementor-element elementor-element-228794b e-con-full box e-flex e-con e-child\" data-id=\"228794b\" data-element_type=\"container\" data-e-type=\"container\">\n\t\t\t\t<div class=\"elementor-element elementor-element-4fd8a99 icon elementor-view-default elementor-widget elementor-widget-icon\" data-id=\"4fd8a99\" data-element_type=\"widget\" data-e-type=\"widget\" data-widget_type=\"icon.default\">\n\t\t\t\t<div class=\"elementor-widget-container\">\n\t\t\t\t\t\t\t<div class=\"elementor-icon-wrapper\">\n\t\t\t<div class=\"elementor-icon\">\n\t\t\t<svg xmlns=\"http:\/\/www.w3.org\/2000\/svg\" id=\"Capa_2\" data-name=\"Capa 2\" viewBox=\"0 0 378.994 511.632\"><defs><style>      .cls-1 {        fill: #000;        stroke-width: 0px;      }    <\/style><\/defs><g id=\"Capa_1-2\" data-name=\"Capa 1\"><path class=\"cls-1\" d=\"M151.591,511.632c-20.176-5.175-34.731-18.222-47.281-33.983-18.993-23.853-32.644-50.873-45.716-78.186-11.264-23.535-22.049-47.299-33.211-70.884-4.766-10.071-10.384-19.682-16.495-29.023-7.674-11.731-11.008-24.534-7.482-38.426,3.945-15.541,14.071-25.545,29.349-29.664,15.827-4.268,30.242-1.197,42.377,10.509,9.319,8.99,18.787,17.826,28.346,26.879.507-.515-.14-2.24-.136-3.737.048-20.624-.089-41.249.134-61.871.045-4.156-1.475-6.106-5.039-7.938-31.51-16.192-50.956-41.693-56.596-76.75-7.458-46.361,18.285-91.808,61.949-110.062,58.597-24.497,125.253,5.922,142.19,66.374,11.369,40.58.325,75.708-30.138,104.753-1.143,1.09-2.829,1.756-3.29,3.955,10.498.728,19.614,4.631,27.262,11.744,3.926,3.652,7.238,7.84,9.401,12.77,1.081,2.464,2.388,2.774,4.62,1.624,23.882-12.307,50.019-.218,59.251,19.843,1.709,3.714,3.475,1.734,5.439.825,25.167-11.638,54.155,1.591,61.148,27.925.509,1.917.884,3.869,1.322,5.805v126.753c-.732,5.395-1.202,10.842-2.238,16.178-6.365,32.773-24.334,58.285-49.729,79.11-12.502,10.252-26.465,18.151-40.789,25.477h-134.647ZM123.844,196.977h-.04c0,18.463.001,36.927,0,55.39-.001,14.804.059,29.608-.038,44.412-.049,7.403-3.153,11.547-9.286,12.935-5.042,1.141-8.574-1.439-11.836-4.788-15.545-15.957-31.037-31.966-46.712-47.793-5.531-5.585-12.381-6.734-19.76-4.103-7.089,2.528-11.762,7.213-13.087,14.916-1.167,6.788.618,12.948,4.264,18.453,10.135,15.302,18.227,31.675,25.996,48.241,15.384,32.802,29.587,66.188,47.811,97.591,9.872,17.01,20.433,33.539,35.469,46.623,8.182,7.12,17.406,10.923,28.6,10.803,31.745-.342,63.521-.863,95.235.199,15.583.522,28.373-3.981,40.786-12.545,36.282-25.034,57.165-58.041,55.542-103.455-.534-14.951-.083-29.938-.084-44.908-.002-19.794.107-39.589-.054-59.382-.089-10.927-7.552-19.136-18.438-20.912-8.544-1.394-18.987,4.803-21.833,13.216-.891,2.634-.885,5.559-1.604,8.267-1.554,5.854-6.898,9.63-12.192,8.838-5.795-.866-9.588-5.252-9.681-11.438-.097-6.486.146-12.98-.081-19.46-.548-15.611-15.918-25.178-29.816-18.599-7.006,3.317-10.896,8.768-11.556,16.714-.634,7.623-5.451,11.688-12.472,11.258-6.313-.386-9.889-4.852-9.93-12.462-.034-6.154.186-12.318-.08-18.461-.501-11.536-8.895-19.85-19.99-20.13-11.825-.298-19.924,6.711-21.266,18.414-.249,2.17-.772,4.248-1.91,6.138-2.38,3.954-6.004,5.727-10.471,5.424-4.303-.292-7.412-2.635-9.316-6.548-1.074-2.206-.792-4.56-.793-6.869-.018-40.752-.034-81.505.007-122.257.007-6.453-1.606-12.213-6.546-16.602-6.748-5.995-14.602-7.225-22.753-3.806-7.889,3.309-12.085,9.597-12.084,18.382.003,32.768.001,65.536.001,98.304ZM101.374,130.891c0-10.811.512-21.652-.106-32.428-1.288-22.45,21.159-47.971,52.278-41.751,20.471,4.092,34.032,21.281,34.079,42.182.049,22.288-.001,44.576.045,66.864.003,1.385-.756,3.314.904,4.022,1.261.538,2.327-.972,3.393-1.705,25.906-17.807,38.895-51.835,31.535-82.574-9.954-41.577-49.653-68.164-92.253-61.783-38.108,5.708-67.283,35.704-69.837,73.565-2.051,30.408,10.521,54.529,35.37,72.169,1.152.818,2.362,2.472,3.869,1.554,1.415-.862.688-2.761.694-4.19.049-11.975.028-23.951.029-35.927Z\"><\/path><\/g><\/svg>\t\t\t<\/div>\n\t\t<\/div>\n\t\t\t\t\t\t<\/div>\n\t\t\t\t<\/div>\n\t\t\t\t<div class=\"elementor-element elementor-element-d9aa236 elementor-widget elementor-widget-heading\" data-id=\"d9aa236\" data-element_type=\"widget\" data-e-type=\"widget\" data-widget_type=\"heading.default\">\n\t\t\t\t<div class=\"elementor-widget-container\">\n\t\t\t\t\t<h4 class=\"elementor-heading-title elementor-size-default\">\u00bfPor qu\u00e9 f\u00e1cil?<\/h4>\t\t\t\t<\/div>\n\t\t\t\t<\/div>\n\t\t\t\t<div class=\"elementor-element elementor-element-5c3ba59 elementor-widget elementor-widget-text-editor\" data-id=\"5c3ba59\" data-element_type=\"widget\" data-e-type=\"widget\" data-widget_type=\"text-editor.default\">\n\t\t\t\t<div class=\"elementor-widget-container\">\n\t\t\t\t\t\t\t\t\t<p>Ahorra tiempo y dinero accediendo a todos los ajustes de configuraci\u00f3n. Desde cualquier lugar, en cualquier momento. S\u00f3lo necesitar\u00e1s conexi\u00f3n a Internet.<\/p>\t\t\t\t\t\t\t\t<\/div>\n\t\t\t\t<\/div>\n\t\t\t\t<\/div>\n\t\t<div class=\"elementor-element elementor-element-b8a5906 e-con-full box e-flex e-con e-child\" data-id=\"b8a5906\" data-element_type=\"container\" data-e-type=\"container\">\n\t\t\t\t<div class=\"elementor-element elementor-element-79c9b22 icon elementor-view-default elementor-widget elementor-widget-icon\" data-id=\"79c9b22\" data-element_type=\"widget\" data-e-type=\"widget\" data-widget_type=\"icon.default\">\n\t\t\t\t<div class=\"elementor-widget-container\">\n\t\t\t\t\t\t\t<div class=\"elementor-icon-wrapper\">\n\t\t\t<div class=\"elementor-icon\">\n\t\t\t<svg xmlns=\"http:\/\/www.w3.org\/2000\/svg\" id=\"Capa_2\" data-name=\"Capa 2\" viewBox=\"0 0 583.462 515.408\"><defs><style>      .cls-1 {        fill: #000;        stroke-width: 0px;      }    <\/style><\/defs><g id=\"Capa_1-2\" data-name=\"Capa 1\"><path class=\"cls-1\" d=\"M.146,342.517c-.001-42,.376-84.004-.143-125.997-.311-25.162,20.516-46.263,45.713-45.775,43.317.839,86.674.854,129.989-.018,23.391-.47,44.071,16.62,46.432,39.878.156,1.537-.537,3.831,1.365,4.435,1.784.566,2.713-1.553,3.906-2.631,21.239-19.185,34.98-43.449,46.532-69.132,6.422-14.279,12.042-28.895,17.229-43.673,1.507-4.293,2.21-8.646,2.182-13.223-.108-17.666.35-35.344-.171-52.996-.401-13.619,6.978-21.938,17.683-27.75,17.885-9.709,35.274-5.94,51.609,4.194,22.036,13.67,34.74,34.27,42.292,58.583,10.083,32.462,8.425,65.088,1.529,97.749-1.074,5.087,1.403,4.822,4.664,4.82,31.5-.013,63,.09,94.499-.041,19.802-.083,36.454,8.307,52.06,19.203,7.37,5.146,13.583,11.661,18.509,19.412,6.703,10.548,8.132,22.048,7.161,34.074-.887,10.988-2.248,21.904-7.85,31.747-1.263,2.22-.794,4.469-.253,6.79,2.481,10.632,3.29,21.306,1.67,32.215-1.538,10.357-5.398,19.601-12.033,27.568-2.455,2.947-3.329,5.886-3.19,9.55.336,8.848-.352,17.638-1.975,26.352-2.852,15.316-8.934,28.924-21.036,39.243-2.542,2.168-2.469,5.074-2.729,7.758-1.482,15.308-7.088,29.121-15.473,41.759-6.706,10.108-14.746,18.926-27.093,22.522-3.114.907-6.186,1.258-9.345,1.258-74.999.015-149.999.071-224.998-.054-11.124-.019-20.994-4.598-30.394-10.203-6.08-3.625-6.1-3.591-7.961,3.172-4.774,17.348-22.683,31.772-40.621,31.853-45.665.208-91.337.47-136.996-.088-23.323-.285-42.715-19.478-42.748-44.058-.058-42.833-.016-85.666-.017-128.499ZM371.111,464.801c35.661,0,71.323-.108,106.983.09,7.19.04,12.6-2.718,16.875-8.043,9.911-12.346,15.703-26.305,14.999-42.34-.282-6.426,2.072-11.174,7.185-14.365,9.666-6.033,13.998-15.176,16.316-25.777,2.123-9.708,2.246-19.554,1.633-29.345-.449-7.178,1.963-12.656,7.09-17.259,4.131-3.709,6.571-8.442,7.763-13.71,2.487-10.992,2.077-21.789-2.829-32.205-3.337-7.085-2.562-14.141,2.73-17.376,3.988-2.438,5.349-5.496,5.721-9.66.444-4.97.949-9.936,1.547-14.89,1.181-9.793-2.609-17.631-9.628-24.052-3.056-2.796-6.358-5.439-9.901-7.565-10.772-6.462-21.76-11.476-35.057-11.269-35.486.552-70.986.206-106.48.156-3.148-.005-6.332-.24-9.435-.753-6.39-1.057-10.205-5.589-10.564-12.032-.18-3.229.594-6.302,1.459-9.34,6.114-21.484,8.465-43.378,7.743-65.69-.652-20.172-5.073-39.202-15.773-56.519-7.514-12.161-17.562-21.234-31.432-25.612-11.143-3.517-17.831,1.247-17.832,12.727-.002,13.498-.423,27.013.128,40.488.475,11.615-1.805,22.499-6.037,33.136-1.108,2.785-2.47,5.476-3.467,8.298-9.074,25.684-20.328,50.343-35.037,73.308-12.336,19.26-27.426,36.128-46.435,48.985-5.296,3.582-7.046,7.248-7.025,13.377.198,58.157.27,116.316-.063,174.472-.045,7.791,2.085,13.262,8.206,17.916,11.782,8.959,23.97,15.371,39.636,15.057,33.648-.674,67.319-.207,100.98-.207ZM26.454,342.798c0,41.994-.019,83.987.011,125.981.009,12.84,7.335,20.128,20.147,20.132,42.993.015,85.987.012,128.98.002,12.85-.003,20.373-7.214,20.381-19.955.054-84.154.053-168.308.001-252.462-.008-12.479-6.745-19.142-19.206-19.24-13.33-.105-26.662-.033-39.994-.032-30.329,0-60.657.072-90.986-.049-6.034-.024-11.06,1.516-15.133,6.161-3.583,4.086-4.209,8.889-4.208,13.981.009,41.827.005,83.654.006,125.481Z\"><\/path><\/g><\/svg>\t\t\t<\/div>\n\t\t<\/div>\n\t\t\t\t\t\t<\/div>\n\t\t\t\t<\/div>\n\t\t\t\t<div class=\"elementor-element elementor-element-118629a elementor-widget elementor-widget-heading\" data-id=\"118629a\" data-element_type=\"widget\" data-e-type=\"widget\" data-widget_type=\"heading.default\">\n\t\t\t\t<div class=\"elementor-widget-container\">\n\t\t\t\t\t<h4 class=\"elementor-heading-title elementor-size-default\">\u00bfPor qu\u00e9 confiable?<\/h4>\t\t\t\t<\/div>\n\t\t\t\t<\/div>\n\t\t\t\t<div class=\"elementor-element elementor-element-da748b6 elementor-widget elementor-widget-text-editor\" data-id=\"da748b6\" data-element_type=\"widget\" data-e-type=\"widget\" data-widget_type=\"text-editor.default\">\n\t\t\t\t<div class=\"elementor-widget-container\">\n\t\t\t\t\t\t\t\t\t<p>Funci\u00f3n de almacenamiento y reenv\u00edo gratuita para todas nuestras versiones de software.<\/p>\t\t\t\t\t\t\t\t<\/div>\n\t\t\t\t<\/div>\n\t\t\t\t<\/div>\n\t\t<div class=\"elementor-element elementor-element-9d62026 e-con-full box e-flex e-con e-child\" data-id=\"9d62026\" data-element_type=\"container\" data-e-type=\"container\">\n\t\t\t\t<div class=\"elementor-element elementor-element-b3af56b icon elementor-view-default elementor-widget elementor-widget-icon\" data-id=\"b3af56b\" data-element_type=\"widget\" data-e-type=\"widget\" data-widget_type=\"icon.default\">\n\t\t\t\t<div class=\"elementor-widget-container\">\n\t\t\t\t\t\t\t<div class=\"elementor-icon-wrapper\">\n\t\t\t<div class=\"elementor-icon\">\n\t\t\t<svg xmlns=\"http:\/\/www.w3.org\/2000\/svg\" id=\"Capa_2\" data-name=\"Capa 2\" viewBox=\"0 0 441.851 587.939\"><defs><style>      .cls-1 {        fill: #000;        stroke-width: 0px;      }    <\/style><\/defs><g id=\"Capa_1-2\" data-name=\"Capa 1\"><g><path class=\"cls-1\" d=\"M220.387,587.766c-46.156,0-92.318.489-138.464-.178-29.056-.42-51.454-14.35-67.6-38.276C4.047,534.084-.139,517.202.004,498.761c.374-48.319.121-96.643.138-144.965.008-23.564,9.032-43.404,25.36-60.016,11.492-11.692,25.499-19.307,41.439-22.844,5.336-1.184,6.476-3.516,6.445-8.455-.187-29.659-.093-59.319-.092-88.979,0-20.495-.14-40.992.043-61.485.173-19.395,6.399-36.94,17.427-52.756,17.198-24.666,41.036-40.222,68.984-50.318C177.713,2.454,196.132-.114,215.138.004c17,.106,33.996-.249,50.651,3.988,30.761,7.825,57.762,22.175,78.676,46.5,9.29,10.805,16.208,23.099,20.174,36.998,2.817,9.87,3.972,19.79,3.936,30.043-.167,48.321-.014,96.644-.165,144.966-.016,4.952,1.16,7.21,6.463,8.423,39.115,8.948,66.635,43.363,66.747,83.392.143,50.821.545,101.651-.236,152.46-.407,26.522-13.048,47.748-33.907,63.969-16.044,12.477-34.399,17.322-54.622,17.172-44.154-.328-88.312-.101-132.468-.101v-.048ZM220.903,294.668c-33.33,0-66.66-.106-99.988.051-13.813.065-27.624-.543-41.448.711-28.388,2.574-52.732,27.93-52.885,56.484-.275,51.159-.298,102.321.042,153.479.123,18.521,9.183,33.012,23.453,44.394,12.406,9.896,27.087,12.394,42.322,12.411,81.824.092,163.647.043,245.471.044,7.993,0,15.965-.151,23.955-.772,27.901-2.169,53.148-27.519,53.342-55.056.367-51.991.593-103.993-.139-155.975-.293-20.778-11.614-36.301-29.197-47.206-10.576-6.559-22.275-8.543-34.443-8.552-43.495-.032-86.99-.013-130.485-.013ZM221.059,268.419c38.316,0,76.633-.037,114.949.054,4.149.01,6.427-.685,6.409-5.693-.184-50.31-.007-100.621-.296-150.93-.089-15.494-5.997-29.386-15.516-41.369-16.436-20.688-38.419-33.131-63.608-39.885-18.475-4.954-37.379-5.568-56.478-4.278-36.035,2.435-66.88,15.501-90.583,43.288-9.981,11.7-16.055,25.637-16.19,41.068-.439,50.307-.242,100.619-.274,150.929-.004,6.742.08,6.81,7.14,6.812,38.15.009,76.299.004,114.449.003Z\"><\/path><path class=\"cls-1\" d=\"M220.911,514.712c-2.998,0-6.02-.249-8.99.044-12.115,1.194-21.012-4.542-27.865-13.577-7.896-10.412-12.797-22.185-12.877-35.543-.065-10.826-.089-21.652-.003-32.477.025-3.132-.86-5.747-2.553-8.392-20.985-32.798-6.433-71.523,22.167-87.036,37.198-20.177,81.792.27,91.034,41.607,3.565,15.947.023,30.749-8.132,44.529-2.048,3.46-3.034,6.77-3.114,10.745-.273,13.466,1.524,27.054-1.088,40.375-2.727,13.91-8.917,26.056-20.732,34.743-4.468,3.285-9.32,5.031-14.857,4.975-4.33-.044-8.661-.009-12.991-.009v.016ZM197.534,445.367c0,6.328-.055,12.656.014,18.983.085,7.76,2.733,14.632,7.387,20.799,1.621,2.148,3.604,3.314,6.353,3.29,6.327-.055,12.655-.07,18.982.012,2.947.038,5.036-1.189,6.751-3.51,4.699-6.36,7.258-13.406,7.246-21.355-.017-11.989.088-23.979-.047-35.967-.056-5.019,1.126-9.263,4.314-13.377,16.736-21.602,5.736-46.459-12.966-54.996-14.461-6.601-32.059-2.945-41.829,9.386-10.086,12.73-12.974,26.543-2.836,41.505,5.336,7.875,7.335,15.681,6.667,24.743-.256,3.478-.042,6.991-.037,10.487Z\"><\/path><\/g><\/g><\/svg>\t\t\t<\/div>\n\t\t<\/div>\n\t\t\t\t\t\t<\/div>\n\t\t\t\t<\/div>\n\t\t\t\t<div class=\"elementor-element elementor-element-86abf15 elementor-widget elementor-widget-heading\" data-id=\"86abf15\" data-element_type=\"widget\" data-e-type=\"widget\" data-widget_type=\"heading.default\">\n\t\t\t\t<div class=\"elementor-widget-container\">\n\t\t\t\t\t<h4 class=\"elementor-heading-title elementor-size-default\">\u00bfPor qu\u00e9 seguro?<\/h4>\t\t\t\t<\/div>\n\t\t\t\t<\/div>\n\t\t\t\t<div class=\"elementor-element elementor-element-aeb61b3 elementor-widget elementor-widget-text-editor\" data-id=\"aeb61b3\" data-element_type=\"widget\" data-e-type=\"widget\" data-widget_type=\"text-editor.default\">\n\t\t\t\t<div class=\"elementor-widget-container\">\n\t\t\t\t\t\t\t\t\t<p>Saber que la informaci\u00f3n est\u00e1 segura es un factor muy importante para nuestros clientes, por lo tanto, para nosotros tambi\u00e9n lo es.<\/p>\t\t\t\t\t\t\t\t<\/div>\n\t\t\t\t<\/div>\n\t\t\t\t<\/div>\n\t\t\t\t\t<\/div>\n\t\t\t\t<\/div>\n\t\t\t\t<\/div>\n\t\t","protected":false},"excerpt":{"rendered":"<p>Sobre vNode vNode IoT Gateway proporciona una conectividad industrial total combinada con los principales protocolos de IoT para crear una soluci\u00f3n Plug&amp;Play. Esta soluci\u00f3n podr\u00eda instalarse en cualquier sistema operativo, incluidos dispositivos integrados. \u00bfQui\u00e9nes somos y qu\u00e9 hacemos? Somos un equipo con m\u00e1s de 15 a\u00f1os de experiencia. Dise\u00f1amos soluciones que combinan lo mejor de [&hellip;]<\/p>\n","protected":false},"author":2,"featured_media":0,"parent":0,"menu_order":0,"comment_status":"closed","ping_status":"closed","template":"","meta":{"_acf_changed":false,"_joinchat":[],"footnotes":""},"class_list":["post-9100","page","type-page","status-publish","hentry"],"acf":[],"_links":{"self":[{"href":"https:\/\/vnodeautomation.com\/es\/wp-json\/wp\/v2\/pages\/9100","targetHints":{"allow":["GET"]}}],"collection":[{"href":"https:\/\/vnodeautomation.com\/es\/wp-json\/wp\/v2\/pages"}],"about":[{"href":"https:\/\/vnodeautomation.com\/es\/wp-json\/wp\/v2\/types\/page"}],"author":[{"embeddable":true,"href":"https:\/\/vnodeautomation.com\/es\/wp-json\/wp\/v2\/users\/2"}],"replies":[{"embeddable":true,"href":"https:\/\/vnodeautomation.com\/es\/wp-json\/wp\/v2\/comments?post=9100"}],"version-history":[{"count":10,"href":"https:\/\/vnodeautomation.com\/es\/wp-json\/wp\/v2\/pages\/9100\/revisions"}],"predecessor-version":[{"id":9561,"href":"https:\/\/vnodeautomation.com\/es\/wp-json\/wp\/v2\/pages\/9100\/revisions\/9561"}],"wp:attachment":[{"href":"https:\/\/vnodeautomation.com\/es\/wp-json\/wp\/v2\/media?parent=9100"}],"curies":[{"name":"wp","href":"https:\/\/api.w.org\/{rel}","templated":true}]}}